{"id":134,"date":"2020-07-01T17:59:22","date_gmt":"2020-07-01T17:59:22","guid":{"rendered":"http:\/\/www.profex2000.hu\/profex\/?page_id=134"},"modified":"2021-10-26T06:14:42","modified_gmt":"2021-10-26T06:14:42","slug":"apartmanok","status":"publish","type":"page","link":"https:\/\/www.profex2000.hu\/profex\/apartmanok\/","title":{"rendered":"Apartmanok"},"content":{"rendered":"\n<p><br> Apartmanjaink az egykori polg\u00e1ri st\u00edlus jegyeit hordozz\u00e1k magukon, mit p\u00e9ld\u00e1ul a nagy belmagass\u00e1g, t\u00e1gas terek, a helys\u00e9gek k\u00f6z\u00f6tti nagy ajt\u00f3k.<br>A vend\u00e9gh\u00e1z udvara teljesen z\u00e1rt. Az eg\u00e9sz \u00e9vben haszn\u00e1lhat\u00f3 fedett kerti terasz bogr\u00e1csoz\u00e1sra grillez\u00e9sre is haszn\u00e1lhat\u00f3, ny\u00e1ron pezsg\u0151f\u00fcrd\u0151 \u00fczemel az udvaron. <\/p>\n\n\n\n<h2>Kis apartman<\/h2>\n\n\n\n<p> A kis apartman k\u00fcl\u00f6n\u00e1ll\u00f3. Egy h\u00e1l\u00f3sz\u00f3b\u00e1b\u00f3l, teakonyh\u00e1b\u00f3l, f\u00fcrd\u0151szob\u00e1b\u00f3l \u00e9s egy k\u00fcl\u00f6n\u00e1ll\u00f3 wc-b\u0151l \u00e1ll. <\/p>\n\n\n\n<figure class=\"wp-block-gallery columns-2 is-cropped\"><ul class=\"blocks-gallery-grid\"><li class=\"blocks-gallery-item\"><figure><img loading=\"lazy\" width=\"1024\" height=\"514\" src=\"https:\/\/www.profex2000.hu\/profex\/wp-content\/uploads\/2021\/10\/20211022_151117_1-1024x514.jpg\" alt=\"\" data-id=\"281\" data-full-url=\"https:\/\/www.profex2000.hu\/profex\/wp-content\/uploads\/2021\/10\/20211022_151117_1.jpg\" data-link=\"https:\/\/www.profex2000.hu\/profex\/20211022_151117_1\/\" class=\"wp-image-281\" srcset=\"https:\/\/www.profex2000.hu\/profex\/wp-content\/uploads\/2021\/10\/20211022_151117_1-1024x514.jpg 1024w, https:\/\/www.profex2000.hu\/profex\/wp-content\/uploads\/2021\/10\/20211022_151117_1-768x385.jpg 768w, https:\/\/www.profex2000.hu\/profex\/wp-content\/uploads\/2021\/10\/20211022_151117_1-120x60.jpg 120w, https:\/\/www.profex2000.hu\/profex\/wp-content\/uploads\/2021\/10\/20211022_151117_1.jpg 1200w\" sizes=\"(max-width: 1024px) 100vw, 1024px\" \/><\/figure><\/li><li class=\"blocks-gallery-item\"><figure><img loading=\"lazy\" width=\"1024\" height=\"631\" src=\"https:\/\/www.profex2000.hu\/profex\/wp-content\/uploads\/2021\/10\/20211022_151450_1-1024x631.jpg\" alt=\"\" data-id=\"284\" data-full-url=\"https:\/\/www.profex2000.hu\/profex\/wp-content\/uploads\/2021\/10\/20211022_151450_1.jpg\" data-link=\"https:\/\/www.profex2000.hu\/profex\/20211022_151450_1\/\" class=\"wp-image-284\" srcset=\"https:\/\/www.profex2000.hu\/profex\/wp-content\/uploads\/2021\/10\/20211022_151450_1-1024x631.jpg 1024w, https:\/\/www.profex2000.hu\/profex\/wp-content\/uploads\/2021\/10\/20211022_151450_1-768x474.jpg 768w, https:\/\/www.profex2000.hu\/profex\/wp-content\/uploads\/2021\/10\/20211022_151450_1-97x60.jpg 97w, https:\/\/www.profex2000.hu\/profex\/wp-content\/uploads\/2021\/10\/20211022_151450_1.jpg 1200w\" sizes=\"(max-width: 1024px) 100vw, 1024px\" \/><\/figure><\/li><\/ul><\/figure>\n\n\n\n<h2>Nagy apartman<\/h2>\n\n\n\n<p> A nagy apartman h\u00e1rom szob\u00e1b\u00f3l, hozz\u00e1tartoz\u00f3 nappalib\u00f3l, egy nagy \u00e9tkez\u0151b\u0151l \u00e9s egy j\u00f3l felszerelt konyh\u00e1b\u00f3l \u00e1ll. K\u00e9t f\u00fcrd\u0151szoba \u00e9s egy k\u00f6z\u00f6s f\u00e9lf\u00fcrd\u0151szoba \u00e1ll vend\u00e9geink rendelkez\u00e9s\u00e9re. <\/p>\n\n\n\n<figure class=\"wp-block-gallery columns-2 is-cropped\"><ul class=\"blocks-gallery-grid\"><li class=\"blocks-gallery-item\"><figure><img loading=\"lazy\" width=\"1024\" height=\"576\" src=\"https:\/\/www.profex2000.hu\/profex\/wp-content\/uploads\/2021\/10\/20210528_171149-masolata-1024x576.jpg\" alt=\"\" data-id=\"247\" data-full-url=\"https:\/\/www.profex2000.hu\/profex\/wp-content\/uploads\/2021\/10\/20210528_171149-masolata.jpg\" data-link=\"https:\/\/www.profex2000.hu\/profex\/20210528_171149-masolata\/\" class=\"wp-image-247\" srcset=\"https:\/\/www.profex2000.hu\/profex\/wp-content\/uploads\/2021\/10\/20210528_171149-masolata-1024x576.jpg 1024w, https:\/\/www.profex2000.hu\/profex\/wp-content\/uploads\/2021\/10\/20210528_171149-masolata-768x432.jpg 768w, https:\/\/www.profex2000.hu\/profex\/wp-content\/uploads\/2021\/10\/20210528_171149-masolata-107x60.jpg 107w, https:\/\/www.profex2000.hu\/profex\/wp-content\/uploads\/2021\/10\/20210528_171149-masolata.jpg 1200w\" sizes=\"(max-width: 1024px) 100vw, 1024px\" \/><\/figure><\/li><li class=\"blocks-gallery-item\"><figure><img loading=\"lazy\" width=\"1024\" height=\"576\" src=\"https:\/\/www.profex2000.hu\/profex\/wp-content\/uploads\/2021\/10\/20210528_171107-masolata-4-1024x576.jpg\" alt=\"\" data-id=\"273\" data-full-url=\"https:\/\/www.profex2000.hu\/profex\/wp-content\/uploads\/2021\/10\/20210528_171107-masolata-4.jpg\" data-link=\"https:\/\/www.profex2000.hu\/profex\/galeria\/20210528_171107-masolata-4\/\" class=\"wp-image-273\" srcset=\"https:\/\/www.profex2000.hu\/profex\/wp-content\/uploads\/2021\/10\/20210528_171107-masolata-4-1024x576.jpg 1024w, https:\/\/www.profex2000.hu\/profex\/wp-content\/uploads\/2021\/10\/20210528_171107-masolata-4-768x432.jpg 768w, https:\/\/www.profex2000.hu\/profex\/wp-content\/uploads\/2021\/10\/20210528_171107-masolata-4-107x60.jpg 107w, https:\/\/www.profex2000.hu\/profex\/wp-content\/uploads\/2021\/10\/20210528_171107-masolata-4.jpg 1200w\" sizes=\"(max-width: 1024px) 100vw, 1024px\" \/><\/figure><\/li><li class=\"blocks-gallery-item\"><figure><img loading=\"lazy\" width=\"1024\" height=\"576\" src=\"https:\/\/www.profex2000.hu\/profex\/wp-content\/uploads\/2021\/10\/20210606_133845-1-1024x576.jpg\" alt=\"\" data-id=\"293\" data-link=\"https:\/\/www.profex2000.hu\/profex\/apartmanok\/20210606_133845-1\/\" class=\"wp-image-293\" srcset=\"https:\/\/www.profex2000.hu\/profex\/wp-content\/uploads\/2021\/10\/20210606_133845-1-1024x576.jpg 1024w, https:\/\/www.profex2000.hu\/profex\/wp-content\/uploads\/2021\/10\/20210606_133845-1-768x432.jpg 768w, https:\/\/www.profex2000.hu\/profex\/wp-content\/uploads\/2021\/10\/20210606_133845-1-107x60.jpg 107w, https:\/\/www.profex2000.hu\/profex\/wp-content\/uploads\/2021\/10\/20210606_133845-1.jpg 1200w\" sizes=\"(max-width: 1024px) 100vw, 1024px\" \/><\/figure><\/li><li class=\"blocks-gallery-item\"><figure><img loading=\"lazy\" width=\"1024\" height=\"576\" src=\"https:\/\/www.profex2000.hu\/profex\/wp-content\/uploads\/2021\/10\/20210528_171411-1024x576.jpg\" alt=\"\" data-id=\"294\" data-full-url=\"https:\/\/www.profex2000.hu\/profex\/wp-content\/uploads\/2021\/10\/20210528_171411.jpg\" data-link=\"https:\/\/www.profex2000.hu\/profex\/apartmanok\/20210528_171411\/\" class=\"wp-image-294\" srcset=\"https:\/\/www.profex2000.hu\/profex\/wp-content\/uploads\/2021\/10\/20210528_171411-1024x576.jpg 1024w, https:\/\/www.profex2000.hu\/profex\/wp-content\/uploads\/2021\/10\/20210528_171411-768x432.jpg 768w, https:\/\/www.profex2000.hu\/profex\/wp-content\/uploads\/2021\/10\/20210528_171411-107x60.jpg 107w, https:\/\/www.profex2000.hu\/profex\/wp-content\/uploads\/2021\/10\/20210528_171411.jpg 1200w\" sizes=\"(max-width: 1024px) 100vw, 1024px\" \/><\/figure><\/li><\/ul><\/figure>\n\n\n\n<p><\/p>\n","protected":false},"excerpt":{"rendered":"<p>Apartmanjaink az egykori polg\u00e1ri st\u00edlus jegyeit hordozz\u00e1k magukon, mit p\u00e9ld\u00e1ul a nagy belmagass\u00e1g, t\u00e1gas terek, a helys\u00e9gek k\u00f6z\u00f6tti nagy ajt\u00f3k.A vend\u00e9gh\u00e1z udvara teljesen z\u00e1rt. Az eg\u00e9sz \u00e9vben haszn\u00e1lhat\u00f3 fedett kerti terasz bogr\u00e1csoz\u00e1sra grillez\u00e9sre is haszn\u00e1lhat\u00f3, ny\u00e1ron pezsg\u0151f\u00fcrd\u0151 \u00fczemel az udvaron. Kis apartman A kis apartman k\u00fcl\u00f6n\u00e1ll\u00f3. Egy h\u00e1l\u00f3sz\u00f3b\u00e1b\u00f3l, teakonyh\u00e1b\u00f3l, f\u00fcrd\u0151szob\u00e1b\u00f3l \u00e9s egy k\u00fcl\u00f6n\u00e1ll\u00f3 wc-b\u0151l \u00e1ll. &hellip; <\/p>\n","protected":false},"author":1,"featured_media":0,"parent":0,"menu_order":0,"comment_status":"closed","ping_status":"closed","template":"","meta":[],"_links":{"self":[{"href":"https:\/\/www.profex2000.hu\/profex\/wp-json\/wp\/v2\/pages\/134"}],"collection":[{"href":"https:\/\/www.profex2000.hu\/profex\/wp-json\/wp\/v2\/pages"}],"about":[{"href":"https:\/\/www.profex2000.hu\/profex\/wp-json\/wp\/v2\/types\/page"}],"author":[{"embeddable":true,"href":"https:\/\/www.profex2000.hu\/profex\/wp-json\/wp\/v2\/users\/1"}],"replies":[{"embeddable":true,"href":"https:\/\/www.profex2000.hu\/profex\/wp-json\/wp\/v2\/comments?post=134"}],"version-history":[{"count":4,"href":"https:\/\/www.profex2000.hu\/profex\/wp-json\/wp\/v2\/pages\/134\/revisions"}],"predecessor-version":[{"id":311,"href":"https:\/\/www.profex2000.hu\/profex\/wp-json\/wp\/v2\/pages\/134\/revisions\/311"}],"wp:attachment":[{"href":"https:\/\/www.profex2000.hu\/profex\/wp-json\/wp\/v2\/media?parent=134"}],"curies":[{"name":"wp","href":"https:\/\/api.w.org\/{rel}","templated":true}]}}